{"id":513,"date":"2026-01-15T14:47:45","date_gmt":"2026-01-15T14:47:45","guid":{"rendered":"https:\/\/relievebodytherapy.be\/?page_id=513"},"modified":"2026-01-15T14:51:47","modified_gmt":"2026-01-15T14:51:47","slug":"aanbod-specifiek-pijnklachten","status":"publish","type":"page","link":"https:\/\/relievebodytherapy.be\/index.php\/aanbod-specifiek-pijnklachten\/","title":{"rendered":"Aanbod &#8211; Specifieke Pijnklachten"},"content":{"rendered":"<p>[et_pb_section fb_built=&#8221;1&#8243; admin_label=&#8221;Team&#8221; _builder_version=&#8221;4.27.3&#8243; _module_preset=&#8221;default&#8221; background_enable_color=&#8221;off&#8221; global_colors_info=&#8221;{}&#8221;][et_pb_row _builder_version=&#8221;4.27.3&#8243; _module_preset=&#8221;default&#8221; global_colors_info=&#8221;{}&#8221;][et_pb_column type=&#8221;4_4&#8243; _builder_version=&#8221;4.16&#8243; _module_preset=&#8221;default&#8221; global_colors_info=&#8221;{}&#8221;][et_pb_text _builder_version=&#8221;4.27.3&#8243; _module_preset=&#8221;003e9429-8e11-4d9e-968b-8881092bbf81&#8243; text_text_color=&#8221;#000000&#8243; header_text_color=&#8221;#FFFFFF&#8221; header_2_font=&#8221;Oswald|||on|||||&#8221; header_2_text_color=&#8221;#4d508f&#8221; header_2_font_size=&#8221;60px&#8221; header_2_letter_spacing=&#8221;3px&#8221; header_2_line_height=&#8221;1.35em&#8221; text_orientation=&#8221;center&#8221; header_2_font_size_tablet=&#8221;32px&#8221; header_2_font_size_phone=&#8221;20px&#8221; header_2_font_size_last_edited=&#8221;on|desktop&#8221; header_2_line_height_phone=&#8221;1.35em&#8221; header_2_line_height_last_edited=&#8221;off|phone&#8221; locked=&#8221;off&#8221; global_colors_info=&#8221;{}&#8221;]<\/p>\n<h2><span style=\"color: #0a0a0a;\">aanbod<\/span><\/h2>\n<p>[\/et_pb_text][\/et_pb_column][\/et_pb_row][et_pb_row _builder_version=&#8221;4.27.3&#8243; _module_preset=&#8221;default&#8221; global_colors_info=&#8221;{}&#8221;][et_pb_column type=&#8221;4_4&#8243; _builder_version=&#8221;4.27.3&#8243; _module_preset=&#8221;default&#8221; global_colors_info=&#8221;{}&#8221;][et_pb_heading title=&#8221;Specifieke pijnklachten&#8221; _builder_version=&#8221;4.27.3&#8243; _module_preset=&#8221;default&#8221; global_colors_info=&#8221;{}&#8221;][\/et_pb_heading][et_pb_text _builder_version=&#8221;4.27.3&#8243; _module_preset=&#8221;default&#8221; global_colors_info=&#8221;{}&#8221;]<\/p>\n<p>Voor alle pijnklachten, sportblessures \u00e9n mobiliteitsproblemen bieden wij onze specifieker gerichte behandelingen aan.<br \/>Deze zijn gericht op het verminderen en uiteindelijk volledig verdwijnen van de te behandelende klacht.<\/p>\n<p>Er gewerkt met verschillende technieken om overbelastingen en ontstekingsreactie op pezen, spieren en gewrichten te verminderen.<br \/>Tijdens deze sessies maken wij gebruik van cupping, IASTM, triggerpointtherapie, bindweefselmassage en medical taping.<br \/>De combinatie van deze diverse technieken zal zorgen voor het best mogelijke resultaat.<\/p>\n<p>U kan o.a terecht met onderrugklachten, verschillende vormen van hoofdpijn, allerlei soorten onstekingsreacties en overbelastingen.<\/p>\n<p>[\/et_pb_text][\/et_pb_column][\/et_pb_row][et_pb_row _builder_version=&#8221;4.27.3&#8243; _module_preset=&#8221;default&#8221; column_structure=&#8221;1_3,1_3,1_3&#8243;][et_pb_column _builder_version=&#8221;4.27.3&#8243; _module_preset=&#8221;default&#8221; type=&#8221;1_3&#8243;][\/et_pb_column][et_pb_column _builder_version=&#8221;4.27.3&#8243; _module_preset=&#8221;default&#8221; type=&#8221;1_3&#8243;][et_pb_button button_text=&#8221;Ontdek het volledige aanbod&#8221; _builder_version=&#8221;4.27.3&#8243; _module_preset=&#8221;default&#8221; button_url=&#8221;\/index.php\/aanbod\/&#8221; hover_enabled=&#8221;0&#8243; sticky_enabled=&#8221;0&#8243;][\/et_pb_button][\/et_pb_column][et_pb_column _builder_version=&#8221;4.27.3&#8243; _module_preset=&#8221;default&#8221; type=&#8221;1_3&#8243;][\/et_pb_column][\/et_pb_row][\/et_pb_section]<\/p>\n","protected":false},"excerpt":{"rendered":"<p>aanbodVoor alle pijnklachten, sportblessures \u00e9n mobiliteitsproblemen bieden wij onze specifieker gerichte behandelingen aan.Deze zijn gericht op het verminderen en uiteindelijk volledig verdwijnen van de te behandelende klacht. Er gewerkt met verschillende technieken om overbelastingen en ontstekingsreactie op pezen, spieren en gewrichten te verminderen.Tijdens deze sessies maken wij gebruik van cupping, IASTM, triggerpointtherapie, bindweefselmassage en medical [&hellip;]<\/p>\n","protected":false},"author":1,"featured_media":0,"parent":0,"menu_order":0,"comment_status":"closed","ping_status":"closed","template":"","meta":{"_et_pb_use_builder":"on","_et_pb_old_content":"[et_pb_section fb_built=\"1\" admin_label=\"Team\" _builder_version=\"4.27.3\" _module_preset=\"default\" background_enable_color=\"off\" global_colors_info=\"{}\"][et_pb_row _builder_version=\"4.27.3\" _module_preset=\"default\" global_colors_info=\"{}\"][et_pb_column type=\"4_4\" _builder_version=\"4.16\" _module_preset=\"default\" global_colors_info=\"{}\"][et_pb_text _builder_version=\"4.27.3\" _module_preset=\"003e9429-8e11-4d9e-968b-8881092bbf81\" text_text_color=\"#000000\" header_text_color=\"#FFFFFF\" header_2_font=\"Oswald|||on|||||\" header_2_text_color=\"#4d508f\" header_2_font_size=\"60px\" header_2_letter_spacing=\"3px\" header_2_line_height=\"1.35em\" text_orientation=\"center\" header_2_font_size_tablet=\"32px\" header_2_font_size_phone=\"20px\" header_2_font_size_last_edited=\"on|desktop\" header_2_line_height_phone=\"1.35em\" header_2_line_height_last_edited=\"off|phone\" locked=\"off\" global_colors_info=\"{}\"]<h2><span style=\"color: #0a0a0a;\">aanbod<\/span><\/h2>[\/et_pb_text][\/et_pb_column][\/et_pb_row][et_pb_row _builder_version=\"4.27.3\" _module_preset=\"default\" global_colors_info=\"{}\"][et_pb_column type=\"4_4\" _builder_version=\"4.27.3\" _module_preset=\"default\" global_colors_info=\"{}\"][et_pb_heading title=\"Specifieke pijnklachten\" _builder_version=\"4.27.3\" _module_preset=\"default\" global_colors_info=\"{}\"][\/et_pb_heading][et_pb_text _builder_version=\"4.27.3\" _module_preset=\"default\" global_colors_info=\"{}\"]<p>Voor alle pijnklachten, sportblessures \u00e9n mobiliteitsproblemen bieden wij onze specifieker gerichte behandelingen aan.<br \/>Deze zijn gericht op het verminderen en uiteindelijk volledig verdwijnen van de te behandelende klacht.<\/p>\n<p>Er gewerkt met verschillende technieken om overbelastingen en ontstekingsreactie op pezen, spieren en gewrichten te verminderen.<br \/>Tijdens deze sessies maken wij gebruik van cupping, IASTM, triggerpointtherapie, bindweefselmassage en medical taping.<br \/>De combinatie van deze diverse technieken zal zorgen voor het best mogelijke resultaat.<\/p>\n<p>U kan o.a terecht met onderrugklachten, verschillende vormen van hoofdpijn, allerlei soorten onstekingsreacties en overbelastingen.<\/p>[\/et_pb_text][\/et_pb_column][\/et_pb_row][et_pb_row _builder_version=\"4.27.3\" _module_preset=\"default\" global_colors_info=\"{}\"][et_pb_column type=\"4_4\" _builder_version=\"4.27.3\" _module_preset=\"default\" global_colors_info=\"{}\"][et_pb_heading title=\"Maderotherapie\" _builder_version=\"4.27.3\" _module_preset=\"default\" global_colors_info=\"{}\"][\/et_pb_heading][et_pb_text _builder_version=\"4.27.3\" _module_preset=\"default\" global_colors_info=\"{}\"]<p>Madero therapie is een massagetechniek waarbij gebruik wordt gemaakt van speciaal gevormde houten instrumenten om het lichaam te behandelen. De therapie is gericht op het stimuleren van de doorbloeding en lymfedrainage, het losmaken van verklevingen in bindweefsel, en het verbeteren van de huidstructuur en spierconditie. De technieken zorgen ervoor dat het lichaam \u2018gesculpt\u2019 kan worden en vetophopingen losgemaakt worden.<\/p>\n<p>Tijdens de behandeling worden verschillende houten tools rollend, drukkend en vormend over het lichaam bewogen. Dit helpt bij het afvoeren van afvalstoffen, het verminderen van spierspanning en kan bijdragen aan contourverbetering en een soepelere huid.<\/p>[\/et_pb_text][\/et_pb_column][\/et_pb_row][et_pb_row _builder_version=\"4.27.3\" _module_preset=\"default\" global_colors_info=\"{}\"][et_pb_column type=\"4_4\" _builder_version=\"4.27.3\" _module_preset=\"default\" global_colors_info=\"{}\"][et_pb_heading title=\"Lymfedrainage \" _builder_version=\"4.27.3\" _module_preset=\"default\" global_colors_info=\"{}\"][\/et_pb_heading][et_pb_text _builder_version=\"4.27.3\" _module_preset=\"default\" global_colors_info=\"{}\"]<p><strong>Wat is lymfedrainage?\u00a0<\/strong><\/p>\n<p><span data-contrast=\"none\">Lymfedrainage is een zachte, ritmische massagetechniek die het lymfestelsel stimuleert. Dit systeem is verantwoordelijk voor het afvoeren van afvalstoffen, vocht en overtollige eiwitten uit het lichaam. Door de behandeling wordt de natuurlijke circulatie van het lymfevocht geactiveerd, wat zorgt voor een betere doorbloeding, minder vochtophoping en een versterkt immuunsysteem.<\/span><span data-ccp-props=\"{&quot;134233117&quot;:true,&quot;134233118&quot;:true,&quot;201341983&quot;:0,&quot;335559685&quot;:720,&quot;335559740&quot;:240}\">\u00a0<\/span><\/p>\n<p><span data-ccp-props=\"{&quot;134233117&quot;:true,&quot;134233118&quot;:true,&quot;201341983&quot;:0,&quot;335559685&quot;:720,&quot;335559740&quot;:240}\">\u00a0<\/span><\/p>\n<p><strong>Voor wie is het geschikt?\u00a0<\/strong><\/p>\n<p><span data-contrast=\"none\">Lymfedrainage is geschikt voor iedereen die zijn lichaam wil ontlasten en het zelf herstellend vermogen wil ondersteunen. De behandeling is bijzonder effectief bij:<\/span><span data-ccp-props=\"{&quot;134233117&quot;:true,&quot;134233118&quot;:true,&quot;201341983&quot;:0,&quot;335559685&quot;:720,&quot;335559740&quot;:240}\">\u00a0<\/span><\/p>\n<ul>\n<li><span data-contrast=\"none\"> Zware of vermoeide benen<\/span><span data-ccp-props=\"{&quot;134233117&quot;:true,&quot;134233118&quot;:true,&quot;201341983&quot;:0,&quot;335559685&quot;:720,&quot;335559740&quot;:240}\"><\/span><\/li>\n<li><span data-contrast=\"none\"> Opgezwollen enkels of vochtophoping (oedeem)<\/span><span data-ccp-props=\"{&quot;134233117&quot;:true,&quot;134233118&quot;:true,&quot;201341983&quot;:0,&quot;335559685&quot;:720,&quot;335559740&quot;:240}\"><\/span><\/li>\n<li><span data-contrast=\"none\"> Chronische ziektes<\/span><span data-ccp-props=\"{&quot;134233117&quot;:true,&quot;134233118&quot;:true,&quot;201341983&quot;:0,&quot;335559685&quot;:720,&quot;335559740&quot;:240}\"><\/span><\/li>\n<li><span data-contrast=\"none\"> Cellulitis<\/span><span data-ccp-props=\"{&quot;134233117&quot;:true,&quot;134233118&quot;:true,&quot;201341983&quot;:0,&quot;335559685&quot;:720,&quot;335559740&quot;:240}\"><\/span><\/li>\n<li><span data-contrast=\"none\"> Slechte doorbloeding of koude handen\/voeten<\/span><span data-ccp-props=\"{&quot;134233117&quot;:true,&quot;134233118&quot;:true,&quot;201341983&quot;:0,&quot;335559685&quot;:720,&quot;335559740&quot;:240}\"><\/span><\/li>\n<li><span data-contrast=\"none\"> Herstel na een operatie of blessure<\/span><span data-ccp-props=\"{&quot;134233117&quot;:true,&quot;134233118&quot;:true,&quot;201341983&quot;:0,&quot;335559685&quot;:720,&quot;335559740&quot;:240}\"><\/span><\/li>\n<li><span data-contrast=\"none\"> Huidproblemen, zoals acne of een doffe teint<\/span><span data-ccp-props=\"{&quot;134233117&quot;:true,&quot;134233118&quot;:true,&quot;201341983&quot;:0,&quot;335559685&quot;:720,&quot;335559740&quot;:240}\"><\/span><\/li>\n<li><span data-contrast=\"none\"> Stress en spanning in het lichaam<\/span><span data-ccp-props=\"{&quot;134233117&quot;:true,&quot;134233118&quot;:true,&quot;201341983&quot;:0,&quot;335559685&quot;:720,&quot;335559740&quot;:240}\"><\/span><\/li>\n<li><span data-contrast=\"none\"> Slechte slaap<\/span><span data-ccp-props=\"{&quot;134233117&quot;:true,&quot;134233118&quot;:true,&quot;201341983&quot;:0,&quot;335559685&quot;:720,&quot;335559740&quot;:240}\"><\/span><\/li>\n<li><span data-contrast=\"none\"> Spierpijnen<\/span><span data-ccp-props=\"{&quot;134233117&quot;:true,&quot;134233118&quot;:true,&quot;201341983&quot;:0,&quot;335559685&quot;:720,&quot;335559740&quot;:240}\"><\/span><\/li>\n<li><span data-contrast=\"none\"> Zwangerschap<\/span><span data-ccp-props=\"{&quot;134233117&quot;:true,&quot;134233118&quot;:true,&quot;201341983&quot;:0,&quot;335559685&quot;:720,&quot;335559740&quot;:240}\"><\/span><\/li>\n<\/ul>\n<p><span data-ccp-props=\"{&quot;134233117&quot;:true,&quot;134233118&quot;:true,&quot;201341983&quot;:0,&quot;335559685&quot;:720,&quot;335559740&quot;:240}\">\u00a0<\/span><\/p>\n<p><strong>Waarom kiezen voor lymfedrainage?\u00a0<\/strong><\/p>\n<p><span data-contrast=\"none\">Regelmatige lymfedrainage helpt je lichaam ontgiften, verbetert je energieniveau en bevordert een gezonde, stralende huid. Veel cli\u00ebnten ervaren na \u00e9\u00e9n behandeling al meer lichtheid in het lichaam en een diep gevoel van ontspanning. Het is een natuurlijke manier om je lichaam weer in balans te brengen \u2013 van binnen \u00e9n van buiten.<\/span><span data-ccp-props=\"{&quot;134233117&quot;:true,&quot;134233118&quot;:true,&quot;201341983&quot;:0,&quot;335559685&quot;:720,&quot;335559740&quot;:240}\">\u00a0<\/span><\/p>[\/et_pb_text][\/et_pb_column][\/et_pb_row][et_pb_row _builder_version=\"4.27.3\" _module_preset=\"default\" global_colors_info=\"{}\"][et_pb_column type=\"4_4\" _builder_version=\"4.27.3\" _module_preset=\"default\" global_colors_info=\"{}\"][et_pb_heading title=\"Anti -cellulitis\" _builder_version=\"4.27.3\" _module_preset=\"default\" global_colors_info=\"{}\"][\/et_pb_heading][et_pb_text _builder_version=\"4.27.3\" _module_preset=\"default\" global_colors_info=\"{}\"]<p><strong>Wat doet een anti-cellulitis behandeling?\u00a0<\/strong><\/p>\n<p><span data-contrast=\"none\">Onze anti-cellulitis behandeling is gericht op het verbeteren van de huidstructuur en het verminderen van zichtbare cellulitis. Door een combinatie van diepe massagetechnieken, stimulerende producten en lymfedrainage wordt de doorbloeding in het onderhuidse bindweefsel verbeterd. Dit helpt om vetophopingen af te breken, vocht af te voeren en de huid steviger en gladder te maken.<\/span><span data-ccp-props=\"{&quot;134233117&quot;:true,&quot;134233118&quot;:true,&quot;201341983&quot;:0,&quot;335559685&quot;:720,&quot;335559740&quot;:240}\">\u00a0<\/span><\/p>\n<p><span data-ccp-props=\"{&quot;134233117&quot;:true,&quot;134233118&quot;:true,&quot;201341983&quot;:0,&quot;335559685&quot;:720,&quot;335559740&quot;:240}\">\u00a0<\/span><\/p>\n<p><strong>Voor wie is het geschikt?\u00a0<\/strong><\/p>\n<p><span data-contrast=\"none\">Deze behandeling is ideaal voor iedereen die last heeft van:<\/span><span data-ccp-props=\"{&quot;134233117&quot;:true,&quot;134233118&quot;:true,&quot;201341983&quot;:0,&quot;335559685&quot;:720,&quot;335559740&quot;:240}\">\u00a0<\/span><\/p>\n<ul>\n<li><span data-contrast=\"none\"> Putjes of oneffenheden op de benen, billen of buik<\/span><span data-ccp-props=\"{&quot;134233117&quot;:true,&quot;134233118&quot;:true,&quot;201341983&quot;:0,&quot;335559685&quot;:720,&quot;335559740&quot;:240}\"><\/span><\/li>\n<li><span data-contrast=\"none\"> Een verminderde huidelasticiteit<\/span><span data-ccp-props=\"{&quot;134233117&quot;:true,&quot;134233118&quot;:true,&quot;201341983&quot;:0,&quot;335559685&quot;:720,&quot;335559740&quot;:240}\"><\/span><\/li>\n<li><span data-contrast=\"none\"> Slechte doorbloeding of vochtophoping<\/span><span data-ccp-props=\"{&quot;134233117&quot;:true,&quot;134233118&quot;:true,&quot;201341983&quot;:0,&quot;335559685&quot;:720,&quot;335559740&quot;:240}\"><\/span><\/li>\n<li><span data-contrast=\"none\"> Een doffe, minder strakke huid<\/span><span data-ccp-props=\"{&quot;134233117&quot;:true,&quot;134233118&quot;:true,&quot;201341983&quot;:0,&quot;335559685&quot;:720,&quot;335559740&quot;:240}\"><\/span><\/li>\n<\/ul>\n<p><span data-ccp-props=\"{&quot;134233117&quot;:true,&quot;134233118&quot;:true,&quot;201341983&quot;:0,&quot;335559685&quot;:720,&quot;335559740&quot;:240}\">\u00a0<\/span><\/p>\n<p><strong>Waarom kiezen voor een anti-cellulitis behandeling?\u00a0<\/strong><\/p>\n<p><span data-contrast=\"none\">Cellulitis is een veelvoorkomend, maar vaak vervelend probleem. Met onze behandeling pak je de oorzaak aan: de doorbloeding en afvoer in het weefsel. Je huid wordt zichtbaar gladder, steviger en egaler. Bovendien werkt de behandeling ook ontspannend en stimuleert het je stofwisseling. Voor het beste resultaat raden we een kuur aan van meerdere behandelingen, gecombineerd met een gezonde leefstijl en voldoende hydratatie.<\/span><span data-ccp-props=\"{&quot;134233117&quot;:true,&quot;134233118&quot;:true,&quot;201341983&quot;:0,&quot;335559685&quot;:720,&quot;335559740&quot;:240}\">\u00a0<\/span><\/p>[\/et_pb_text][\/et_pb_column][\/et_pb_row][et_pb_row _builder_version=\"4.27.3\" _module_preset=\"default\" global_colors_info=\"{}\"][et_pb_column type=\"4_4\" _builder_version=\"4.27.3\" _module_preset=\"default\" global_colors_info=\"{}\"][et_pb_heading title=\"Ontspanningsmassage\" _builder_version=\"4.27.3\" _module_preset=\"default\" global_colors_info=\"{}\"][\/et_pb_heading][et_pb_text _builder_version=\"4.27.3\" _module_preset=\"default\" global_colors_info=\"{}\"]<p><span data-contrast=\"none\">Tijdens een ontspanningsmassage komt je lichaam in een toestand van diepe rust. Spanning in spieren wordt losgelaten, de bloedsomloop wordt gestimuleerd en het zenuwstelsel komt tot kalmte. Hierdoor vermindert stress, verbetert de slaapkwaliteit en voel je je energieker en lichter.<\/span><span data-ccp-props=\"{&quot;201341983&quot;:0,&quot;335557856&quot;:16777215,&quot;335559685&quot;:720,&quot;335559739&quot;:0,&quot;335559740&quot;:240}\">\u00a0<\/span><\/p>\n<p><span data-contrast=\"none\">Maar de voordelen gaan verder dan alleen het fysieke. Een massage brengt je ook mentaal en emotioneel weer in balans. Hierdoor krijg je ruimte om even uit je hoofd te gaan en opnieuw contact te maken met je lichaam.<\/span><span data-ccp-props=\"{&quot;201341983&quot;:0,&quot;335557856&quot;:16777215,&quot;335559685&quot;:720,&quot;335559739&quot;:0,&quot;335559740&quot;:240}\">\u00a0<\/span><\/p>\n<p><span data-ccp-props=\"{&quot;201341983&quot;:0,&quot;335557856&quot;:16777215,&quot;335559685&quot;:720,&quot;335559739&quot;:0,&quot;335559740&quot;:240}\">\u00a0<\/span><span data-contrast=\"none\">Iedereen verdient het om goed voor zichzelf te zorgen. Een regelmatige ontspanningsmassage is geen luxe, maar een investering in je welzijn!\u202fEen manier om je batterijen op te laden en met meer veerkracht en levenslust in het leven te staan.\u00a0Gun jezelf dat moment van pure ontspanning. Je lichaam en geest zullen je dankbaar zijn!<\/span><span data-ccp-props=\"{&quot;201341983&quot;:0,&quot;335557856&quot;:16777215,&quot;335559685&quot;:720,&quot;335559739&quot;:0,&quot;335559740&quot;:240}\">\u00a0<\/span><\/p>[\/et_pb_text][\/et_pb_column][\/et_pb_row][et_pb_row _builder_version=\"4.27.3\" _module_preset=\"default\" global_colors_info=\"{}\"][et_pb_column type=\"4_4\" _builder_version=\"4.27.3\" _module_preset=\"default\" global_colors_info=\"{}\"][et_pb_heading title=\"Cuppingmassage \" _builder_version=\"4.27.3\" _module_preset=\"default\" global_colors_info=\"{}\"][\/et_pb_heading][et_pb_text _builder_version=\"4.27.3\" _module_preset=\"default\" global_colors_info=\"{}\"]<p><span data-contrast=\"none\">Een\u00a0cuppingmassage\u00a0is een krachtige massagetechniek die dieper inwerkt dan een gewone ontspanningsmassage. Door het gebruik van speciale siliconen of glazen cups wordt een vacu\u00fcm gecre\u00eberd dat de huid en onderliggende weefsels licht optilt. Dit zorgt voor een intensieve\u00a0<\/span><span data-ccp-props=\"{&quot;201341983&quot;:0,&quot;335557856&quot;:16777215,&quot;335559685&quot;:360,&quot;335559739&quot;:0,&quot;335559740&quot;:240}\">\u00a0<\/span><span data-contrast=\"none\">doorbloeding\u00a0en helpt om vastzittende spieren, afvalstoffen en verklevingen los te maken.<\/span><span data-ccp-props=\"{&quot;201341983&quot;:0,&quot;335557856&quot;:16777215,&quot;335559685&quot;:360,&quot;335559739&quot;:0,&quot;335559740&quot;:240}\">\u00a0<\/span><\/p>\n<p><span data-ccp-props=\"{&quot;201341983&quot;:0,&quot;335557856&quot;:16777215,&quot;335559685&quot;:360,&quot;335559739&quot;:0,&quot;335559740&quot;:240}\">\u00a0<\/span><span data-contrast=\"none\">Cuppingmassage\u00a0werkt niet alleen op de spieren, maar ook op het energetische en organische niveau. Door de verbeterde doorbloeding en ontspanning vermindert stress op zowel spieren als organen.<\/span><span data-ccp-props=\"{&quot;201341983&quot;:0,&quot;335557856&quot;:16777215,&quot;335559685&quot;:360,&quot;335559739&quot;:0,&quot;335559740&quot;:240}\">\u00a0<\/span><\/p>\n<p><span data-contrast=\"none\">Een\u00a0cuppingmassage\u00a0is ideaal voor wie last heeft van:<\/span><span data-ccp-props=\"{&quot;201341983&quot;:0,&quot;335557856&quot;:16777215,&quot;335559685&quot;:360,&quot;335559739&quot;:0,&quot;335559740&quot;:240}\">\u00a0<\/span><\/p>\n<ul>\n<li aria-setsize=\"-1\" data-leveltext=\"-\" data-font=\"Calibri\" data-listid=\"2\" data-list-defn-props=\"{&quot;134224900&quot;:false,&quot;335551671&quot;:16,&quot;335552541&quot;:1,&quot;335559685&quot;:720,&quot;335559991&quot;:360,&quot;469769226&quot;:&quot;Calibri&quot;,&quot;469769242&quot;:[8226],&quot;469777803&quot;:&quot;left&quot;,&quot;469777804&quot;:&quot;-&quot;,&quot;469777815&quot;:&quot;hybridMultilevel&quot;}\" data-aria-posinset=\"24\" data-aria-level=\"1\"><span data-contrast=\"none\">Spierspanning en stijfheid<\/span><span data-ccp-props=\"{&quot;201341983&quot;:0,&quot;335557856&quot;:16777215,&quot;335559739&quot;:0,&quot;335559740&quot;:240}\">\u00a0<\/span><\/li>\n<\/ul>\n<ul>\n<li aria-setsize=\"-1\" data-leveltext=\"-\" data-font=\"Calibri\" data-listid=\"2\" data-list-defn-props=\"{&quot;134224900&quot;:false,&quot;335551671&quot;:16,&quot;335552541&quot;:1,&quot;335559685&quot;:720,&quot;335559991&quot;:360,&quot;469769226&quot;:&quot;Calibri&quot;,&quot;469769242&quot;:[8226],&quot;469777803&quot;:&quot;left&quot;,&quot;469777804&quot;:&quot;-&quot;,&quot;469777815&quot;:&quot;hybridMultilevel&quot;}\" data-aria-posinset=\"25\" data-aria-level=\"1\"><span data-contrast=\"none\">Stress en vermoeidheid<\/span><span data-ccp-props=\"{&quot;201341983&quot;:0,&quot;335557856&quot;:16777215,&quot;335559739&quot;:0,&quot;335559740&quot;:240}\">\u00a0<\/span><\/li>\n<\/ul>\n<ul>\n<li aria-setsize=\"-1\" data-leveltext=\"-\" data-font=\"Calibri\" data-listid=\"2\" data-list-defn-props=\"{&quot;134224900&quot;:false,&quot;335551671&quot;:16,&quot;335552541&quot;:1,&quot;335559685&quot;:720,&quot;335559991&quot;:360,&quot;469769226&quot;:&quot;Calibri&quot;,&quot;469769242&quot;:[8226],&quot;469777803&quot;:&quot;left&quot;,&quot;469777804&quot;:&quot;-&quot;,&quot;469777815&quot;:&quot;hybridMultilevel&quot;}\" data-aria-posinset=\"26\" data-aria-level=\"1\"><span data-contrast=\"none\">Verklevingen of slechte doorbloeding<\/span><span data-ccp-props=\"{&quot;201341983&quot;:0,&quot;335557856&quot;:16777215,&quot;335559739&quot;:0,&quot;335559740&quot;:240}\">\u00a0<\/span><\/li>\n<\/ul>\n<ul>\n<li aria-setsize=\"-1\" data-leveltext=\"-\" data-font=\"Calibri\" data-listid=\"2\" data-list-defn-props=\"{&quot;134224900&quot;:false,&quot;335551671&quot;:16,&quot;335552541&quot;:1,&quot;335559685&quot;:720,&quot;335559991&quot;:360,&quot;469769226&quot;:&quot;Calibri&quot;,&quot;469769242&quot;:[8226],&quot;469777803&quot;:&quot;left&quot;,&quot;469777804&quot;:&quot;-&quot;,&quot;469777815&quot;:&quot;hybridMultilevel&quot;}\" data-aria-posinset=\"27\" data-aria-level=\"1\"><span data-contrast=\"none\">Cellulitis of een doffe huid.<\/span><span data-ccp-props=\"{&quot;201341983&quot;:0,&quot;335557856&quot;:16777215,&quot;335559739&quot;:0,&quot;335559740&quot;:240}\">\u00a0<\/span><\/li>\n<\/ul>[\/et_pb_text][\/et_pb_column][\/et_pb_row][et_pb_row _builder_version=\"4.27.3\" _module_preset=\"default\" global_colors_info=\"{}\"][et_pb_column type=\"4_4\" _builder_version=\"4.27.3\" _module_preset=\"default\" global_colors_info=\"{}\"][et_pb_heading title=\"Sportmassage \" _builder_version=\"4.27.3\" _module_preset=\"default\" global_colors_info=\"{}\"][\/et_pb_heading][et_pb_text _builder_version=\"4.27.3\" _module_preset=\"default\" global_colors_info=\"{}\"]<p>Een sportmassage is een doelgerichte massagevorm die zich richt op het ondersteunen van het lichaam v\u00f3\u00f3r, tijdens en na fysieke inspanning. De massage is bedoeld om spieren en bindweefsel te ontspannen, de doorbloeding te verbeteren, afvalstoffen sneller af te voeren en het herstel te bevorderen.<\/p>\n<p>Sportmassage kan preventief worden ingezet om blessures te voorkomen, prestatief om spieren actiever en soepeler te maken, en herstellend om spierspanning, vermoeidheid en stijfheid na inspanning te verminderen. De massagetechnieken zijn meestal steviger dan bij ontspanningsmassage en worden afgestemd op de persoon en de klachten. Weet dat je geen fervent sporter moet zijn om van deze dienst gebruik te kunnen maken, iedereen heeft baat bij een sportmassage op regelmatige basis!<\/p>\n<ul><\/ul>[\/et_pb_text][\/et_pb_column][\/et_pb_row][et_pb_row _builder_version=\"4.27.3\" _module_preset=\"default\" global_colors_info=\"{}\"][et_pb_column type=\"4_4\" _builder_version=\"4.27.3\" _module_preset=\"default\" global_colors_info=\"{}\"][et_pb_heading title=\"Poseerlessen \" _builder_version=\"4.27.3\" _module_preset=\"default\" global_colors_info=\"{}\"][\/et_pb_heading][et_pb_text _builder_version=\"4.27.3\" _module_preset=\"default\" global_colors_info=\"{}\"]<p>Doe jij binnenkort jouw eerste bodybuilding wedstrijd? Of heb je reeds ervaring en wil je graag jouw posing skills perfectioneren?<\/p>\n<p>Dan kan je hiervoor ook bij Relieve terecht! Voor alle vrouwen die wedstrijd doen in volgende categorie\u00ebn: NPC, IFBB, PCA, FMG bieden wij poseerlessen gegeven door <a href=\"\/index.php\/amber\">Amber<\/a>.<\/p>[\/et_pb_text][\/et_pb_column][\/et_pb_row][\/et_pb_section]","_et_gb_content_width":"","footnotes":""},"class_list":["post-513","page","type-page","status-publish","hentry"],"_links":{"self":[{"href":"https:\/\/relievebodytherapy.be\/index.php\/wp-json\/wp\/v2\/pages\/513","targetHints":{"allow":["GET"]}}],"collection":[{"href":"https:\/\/relievebodytherapy.be\/index.php\/wp-json\/wp\/v2\/pages"}],"about":[{"href":"https:\/\/relievebodytherapy.be\/index.php\/wp-json\/wp\/v2\/types\/page"}],"author":[{"embeddable":true,"href":"https:\/\/relievebodytherapy.be\/index.php\/wp-json\/wp\/v2\/users\/1"}],"replies":[{"embeddable":true,"href":"https:\/\/relievebodytherapy.be\/index.php\/wp-json\/wp\/v2\/comments?post=513"}],"version-history":[{"count":4,"href":"https:\/\/relievebodytherapy.be\/index.php\/wp-json\/wp\/v2\/pages\/513\/revisions"}],"predecessor-version":[{"id":555,"href":"https:\/\/relievebodytherapy.be\/index.php\/wp-json\/wp\/v2\/pages\/513\/revisions\/555"}],"wp:attachment":[{"href":"https:\/\/relievebodytherapy.be\/index.php\/wp-json\/wp\/v2\/media?parent=513"}],"curies":[{"name":"wp","href":"https:\/\/api.w.org\/{rel}","templated":true}]}}