{"id":523,"date":"2026-01-15T14:47:44","date_gmt":"2026-01-15T14:47:44","guid":{"rendered":"https:\/\/relievebodytherapy.be\/?page_id=523"},"modified":"2026-01-15T14:47:44","modified_gmt":"2026-01-15T14:47:44","slug":"aanbod-lymfedrainage","status":"publish","type":"page","link":"https:\/\/relievebodytherapy.be\/index.php\/aanbod-lymfedrainage\/","title":{"rendered":"Aanbod &#8211; Lymfedrainage"},"content":{"rendered":"<p>[et_pb_section fb_built=&#8221;1&#8243; admin_label=&#8221;Team&#8221; _builder_version=&#8221;4.27.3&#8243; _module_preset=&#8221;default&#8221; background_enable_color=&#8221;off&#8221; global_colors_info=&#8221;{}&#8221;][et_pb_row _builder_version=&#8221;4.27.3&#8243; _module_preset=&#8221;default&#8221; global_colors_info=&#8221;{}&#8221;][et_pb_column type=&#8221;4_4&#8243; _builder_version=&#8221;4.16&#8243; _module_preset=&#8221;default&#8221; global_colors_info=&#8221;{}&#8221;][et_pb_text _builder_version=&#8221;4.27.3&#8243; _module_preset=&#8221;003e9429-8e11-4d9e-968b-8881092bbf81&#8243; text_text_color=&#8221;#000000&#8243; header_text_color=&#8221;#FFFFFF&#8221; header_2_font=&#8221;Oswald|||on|||||&#8221; header_2_text_color=&#8221;#4d508f&#8221; header_2_font_size=&#8221;60px&#8221; header_2_letter_spacing=&#8221;3px&#8221; header_2_line_height=&#8221;1.35em&#8221; text_orientation=&#8221;center&#8221; header_2_font_size_tablet=&#8221;32px&#8221; header_2_font_size_phone=&#8221;20px&#8221; header_2_font_size_last_edited=&#8221;on|desktop&#8221; header_2_line_height_phone=&#8221;1.35em&#8221; header_2_line_height_last_edited=&#8221;off|phone&#8221; locked=&#8221;off&#8221; global_colors_info=&#8221;{}&#8221;]<\/p>\n<h2><span style=\"color: #0a0a0a;\">aanbod<\/span><\/h2>\n<p>[\/et_pb_text][\/et_pb_column][\/et_pb_row][et_pb_row _builder_version=&#8221;4.27.3&#8243; _module_preset=&#8221;default&#8221; global_colors_info=&#8221;{}&#8221;][et_pb_column type=&#8221;4_4&#8243; _builder_version=&#8221;4.27.3&#8243; _module_preset=&#8221;default&#8221; global_colors_info=&#8221;{}&#8221;][et_pb_heading title=&#8221;Lymfedrainage&#8221; _builder_version=&#8221;4.27.3&#8243; _module_preset=&#8221;default&#8221; global_colors_info=&#8221;{}&#8221;][\/et_pb_heading][et_pb_text _builder_version=&#8221;4.27.3&#8243; _module_preset=&#8221;default&#8221; global_colors_info=&#8221;{}&#8221;]<\/p>\n<p><strong>Wat is lymfedrainage?\u00a0<\/strong><\/p>\n<p><span data-contrast=\"none\">Lymfedrainage is een zachte, ritmische massagetechniek die het lymfestelsel stimuleert. Dit systeem is verantwoordelijk voor het afvoeren van afvalstoffen, vocht en overtollige eiwitten uit het lichaam. Door de behandeling wordt de natuurlijke circulatie van het lymfevocht geactiveerd, wat zorgt voor een betere doorbloeding, minder vochtophoping en een versterkt immuunsysteem.<\/span><span data-ccp-props=\"{&quot;134233117&quot;:true,&quot;134233118&quot;:true,&quot;201341983&quot;:0,&quot;335559685&quot;:720,&quot;335559740&quot;:240}\">\u00a0<\/span><\/p>\n<p><span data-ccp-props=\"{&quot;134233117&quot;:true,&quot;134233118&quot;:true,&quot;201341983&quot;:0,&quot;335559685&quot;:720,&quot;335559740&quot;:240}\">\u00a0<\/span><\/p>\n<p><strong>Voor wie is het geschikt?\u00a0<\/strong><\/p>\n<p><span data-contrast=\"none\">Lymfedrainage is geschikt voor iedereen die zijn lichaam wil ontlasten en het zelf herstellend vermogen wil ondersteunen. De behandeling is bijzonder effectief bij:<\/span><span data-ccp-props=\"{&quot;134233117&quot;:true,&quot;134233118&quot;:true,&quot;201341983&quot;:0,&quot;335559685&quot;:720,&quot;335559740&quot;:240}\">\u00a0<\/span><\/p>\n<ul>\n<li><span data-contrast=\"none\">Zware of vermoeide benen<\/span><span data-ccp-props=\"{&quot;134233117&quot;:true,&quot;134233118&quot;:true,&quot;201341983&quot;:0,&quot;335559685&quot;:720,&quot;335559740&quot;:240}\"><\/span><\/li>\n<li><span data-contrast=\"none\">Opgezwollen enkels of vochtophoping (oedeem)<\/span><span data-ccp-props=\"{&quot;134233117&quot;:true,&quot;134233118&quot;:true,&quot;201341983&quot;:0,&quot;335559685&quot;:720,&quot;335559740&quot;:240}\"><\/span><\/li>\n<li><span data-contrast=\"none\">Chronische ziektes<\/span><span data-ccp-props=\"{&quot;134233117&quot;:true,&quot;134233118&quot;:true,&quot;201341983&quot;:0,&quot;335559685&quot;:720,&quot;335559740&quot;:240}\"><\/span><\/li>\n<li><span data-contrast=\"none\">Cellulitis<\/span><span data-ccp-props=\"{&quot;134233117&quot;:true,&quot;134233118&quot;:true,&quot;201341983&quot;:0,&quot;335559685&quot;:720,&quot;335559740&quot;:240}\"><\/span><\/li>\n<li><span data-contrast=\"none\">Slechte doorbloeding of koude handen\/voeten<\/span><span data-ccp-props=\"{&quot;134233117&quot;:true,&quot;134233118&quot;:true,&quot;201341983&quot;:0,&quot;335559685&quot;:720,&quot;335559740&quot;:240}\"><\/span><\/li>\n<li><span data-contrast=\"none\">Herstel na een operatie of blessure<\/span><span data-ccp-props=\"{&quot;134233117&quot;:true,&quot;134233118&quot;:true,&quot;201341983&quot;:0,&quot;335559685&quot;:720,&quot;335559740&quot;:240}\"><\/span><\/li>\n<li><span data-contrast=\"none\">Huidproblemen, zoals acne of een doffe teint<\/span><span data-ccp-props=\"{&quot;134233117&quot;:true,&quot;134233118&quot;:true,&quot;201341983&quot;:0,&quot;335559685&quot;:720,&quot;335559740&quot;:240}\"><\/span><\/li>\n<li><span data-contrast=\"none\">Stress en spanning in het lichaam<\/span><span data-ccp-props=\"{&quot;134233117&quot;:true,&quot;134233118&quot;:true,&quot;201341983&quot;:0,&quot;335559685&quot;:720,&quot;335559740&quot;:240}\"><\/span><\/li>\n<li><span data-contrast=\"none\">Slechte slaap<\/span><span data-ccp-props=\"{&quot;134233117&quot;:true,&quot;134233118&quot;:true,&quot;201341983&quot;:0,&quot;335559685&quot;:720,&quot;335559740&quot;:240}\"><\/span><\/li>\n<li><span data-contrast=\"none\">Spierpijnen<\/span><span data-ccp-props=\"{&quot;134233117&quot;:true,&quot;134233118&quot;:true,&quot;201341983&quot;:0,&quot;335559685&quot;:720,&quot;335559740&quot;:240}\"><\/span><\/li>\n<li><span data-contrast=\"none\">Zwangerschap<\/span><span data-ccp-props=\"{&quot;134233117&quot;:true,&quot;134233118&quot;:true,&quot;201341983&quot;:0,&quot;335559685&quot;:720,&quot;335559740&quot;:240}\"><\/span><\/li>\n<\/ul>\n<p><span data-ccp-props=\"{&quot;134233117&quot;:true,&quot;134233118&quot;:true,&quot;201341983&quot;:0,&quot;335559685&quot;:720,&quot;335559740&quot;:240}\">\u00a0<\/span><\/p>\n<p><strong>Waarom kiezen voor lymfedrainage?\u00a0<\/strong><\/p>\n<p><span data-contrast=\"none\">Regelmatige lymfedrainage helpt je lichaam ontgiften, verbetert je energieniveau en bevordert een gezonde, stralende huid. Veel cli\u00ebnten ervaren na \u00e9\u00e9n behandeling al meer lichtheid in het lichaam en een diep gevoel van ontspanning. Het is een natuurlijke manier om je lichaam weer in balans te brengen \u2013 van binnen \u00e9n van buiten.<\/span><span data-ccp-props=\"{&quot;134233117&quot;:true,&quot;134233118&quot;:true,&quot;201341983&quot;:0,&quot;335559685&quot;:720,&quot;335559740&quot;:240}\">\u00a0<\/span><\/p>\n<p>[\/et_pb_text][\/et_pb_column][\/et_pb_row][\/et_pb_section][et_pb_section fb_built=&#8221;1&#8243; _builder_version=&#8221;4.27.3&#8243; _module_preset=&#8221;default&#8221; global_colors_info=&#8221;{}&#8221;][et_pb_row column_structure=&#8221;1_3,1_3,1_3&#8243; _builder_version=&#8221;4.27.3&#8243; _module_preset=&#8221;default&#8221; global_colors_info=&#8221;{}&#8221;][et_pb_column type=&#8221;1_3&#8243; _builder_version=&#8221;4.27.3&#8243; _module_preset=&#8221;default&#8221; global_colors_info=&#8221;{}&#8221;][\/et_pb_column][et_pb_column type=&#8221;1_3&#8243; _builder_version=&#8221;4.27.3&#8243; _module_preset=&#8221;default&#8221; global_colors_info=&#8221;{}&#8221;][et_pb_button button_url=&#8221;\/index.php\/aanbod\/&#8221; button_text=&#8221;Ontdek het volledige aanbod&#8221; _builder_version=&#8221;4.27.3&#8243; _module_preset=&#8221;default&#8221; global_colors_info=&#8221;{}&#8221;][\/et_pb_button][\/et_pb_column][et_pb_column type=&#8221;1_3&#8243; _builder_version=&#8221;4.27.3&#8243; _module_preset=&#8221;default&#8221; global_colors_info=&#8221;{}&#8221;][\/et_pb_column][\/et_pb_row][\/et_pb_section]<\/p>\n","protected":false},"excerpt":{"rendered":"<p>aanbodWat is lymfedrainage?\u00a0 Lymfedrainage is een zachte, ritmische massagetechniek die het lymfestelsel stimuleert. Dit systeem is verantwoordelijk voor het afvoeren van afvalstoffen, vocht en overtollige eiwitten uit het lichaam. Door de behandeling wordt de natuurlijke circulatie van het lymfevocht geactiveerd, wat zorgt voor een betere doorbloeding, minder vochtophoping en een versterkt immuunsysteem.\u00a0 \u00a0 Voor wie [&hellip;]<\/p>\n","protected":false},"author":1,"featured_media":0,"parent":0,"menu_order":0,"comment_status":"closed","ping_status":"closed","template":"","meta":{"_et_pb_use_builder":"on","_et_pb_old_content":"[et_pb_section fb_built=\"1\" admin_label=\"Team\" _builder_version=\"4.27.3\" _module_preset=\"default\" background_enable_color=\"off\" global_colors_info=\"{}\"][et_pb_row _builder_version=\"4.27.3\" _module_preset=\"default\" global_colors_info=\"{}\"][et_pb_column type=\"4_4\" _builder_version=\"4.16\" _module_preset=\"default\" global_colors_info=\"{}\"][et_pb_text _builder_version=\"4.27.3\" _module_preset=\"003e9429-8e11-4d9e-968b-8881092bbf81\" text_text_color=\"#000000\" header_text_color=\"#FFFFFF\" header_2_font=\"Oswald|||on|||||\" header_2_text_color=\"#4d508f\" header_2_font_size=\"60px\" header_2_letter_spacing=\"3px\" header_2_line_height=\"1.35em\" text_orientation=\"center\" header_2_font_size_tablet=\"32px\" header_2_font_size_phone=\"20px\" header_2_font_size_last_edited=\"on|desktop\" header_2_line_height_phone=\"1.35em\" header_2_line_height_last_edited=\"off|phone\" locked=\"off\" global_colors_info=\"{}\"]<h2><span style=\"color: #0a0a0a;\">aanbod<\/span><\/h2>[\/et_pb_text][\/et_pb_column][\/et_pb_row][et_pb_row _builder_version=\"4.27.3\" _module_preset=\"default\" global_colors_info=\"{}\"][et_pb_column type=\"4_4\" _builder_version=\"4.27.3\" _module_preset=\"default\" global_colors_info=\"{}\"][et_pb_heading title=\"Maderotherapie\" _builder_version=\"4.27.3\" _module_preset=\"default\" global_colors_info=\"{}\"][\/et_pb_heading][et_pb_text _builder_version=\"4.27.3\" _module_preset=\"default\" global_colors_info=\"{}\"]<p>Madero therapie is een massagetechniek waarbij gebruik wordt gemaakt van speciaal gevormde houten instrumenten om het lichaam te behandelen. De therapie is gericht op het stimuleren van de doorbloeding en lymfedrainage, het losmaken van verklevingen in bindweefsel, en het verbeteren van de huidstructuur en spierconditie. De technieken zorgen ervoor dat het lichaam \u2018gesculpt\u2019 kan worden en vetophopingen losgemaakt worden.<\/p>\n<p>Tijdens de behandeling worden verschillende houten tools rollend, drukkend en vormend over het lichaam bewogen. Dit helpt bij het afvoeren van afvalstoffen, het verminderen van spierspanning en kan bijdragen aan contourverbetering en een soepelere huid.<\/p>[\/et_pb_text][\/et_pb_column][\/et_pb_row][\/et_pb_section][et_pb_section fb_built=\"1\" theme_builder_area=\"post_content\" _builder_version=\"4.27.3\" _module_preset=\"default\"][et_pb_row _builder_version=\"4.27.3\" _module_preset=\"default\" theme_builder_area=\"post_content\" column_structure=\"1_3,1_3,1_3\"][et_pb_column _builder_version=\"4.27.3\" _module_preset=\"default\" type=\"1_3\" theme_builder_area=\"post_content\"][\/et_pb_column][et_pb_column _builder_version=\"4.27.3\" _module_preset=\"default\" type=\"1_3\" theme_builder_area=\"post_content\"][et_pb_button button_text=\"Ontdek het volledige aanbod\" _builder_version=\"4.27.3\" _module_preset=\"default\" theme_builder_area=\"post_content\" button_url=\"\/index.php\/aanbod\/\" hover_enabled=\"0\" sticky_enabled=\"0\"][\/et_pb_button][\/et_pb_column][et_pb_column _builder_version=\"4.27.3\" _module_preset=\"default\" type=\"1_3\" theme_builder_area=\"post_content\"][\/et_pb_column][\/et_pb_row][\/et_pb_section]","_et_gb_content_width":"","footnotes":""},"class_list":["post-523","page","type-page","status-publish","hentry"],"_links":{"self":[{"href":"https:\/\/relievebodytherapy.be\/index.php\/wp-json\/wp\/v2\/pages\/523","targetHints":{"allow":["GET"]}}],"collection":[{"href":"https:\/\/relievebodytherapy.be\/index.php\/wp-json\/wp\/v2\/pages"}],"about":[{"href":"https:\/\/relievebodytherapy.be\/index.php\/wp-json\/wp\/v2\/types\/page"}],"author":[{"embeddable":true,"href":"https:\/\/relievebodytherapy.be\/index.php\/wp-json\/wp\/v2\/users\/1"}],"replies":[{"embeddable":true,"href":"https:\/\/relievebodytherapy.be\/index.php\/wp-json\/wp\/v2\/comments?post=523"}],"version-history":[{"count":3,"href":"https:\/\/relievebodytherapy.be\/index.php\/wp-json\/wp\/v2\/pages\/523\/revisions"}],"predecessor-version":[{"id":526,"href":"https:\/\/relievebodytherapy.be\/index.php\/wp-json\/wp\/v2\/pages\/523\/revisions\/526"}],"wp:attachment":[{"href":"https:\/\/relievebodytherapy.be\/index.php\/wp-json\/wp\/v2\/media?parent=523"}],"curies":[{"name":"wp","href":"https:\/\/api.w.org\/{rel}","templated":true}]}}